{"id":453,"date":"2021-08-02T15:48:33","date_gmt":"2021-08-02T15:48:33","guid":{"rendered":"https:\/\/autoecoletom.lu\/categorie-a2-motocycle%e2%89%a4-35-kw\/"},"modified":"2021-09-13T08:51:14","modified_gmt":"2021-09-13T08:51:14","slug":"categorie-a2-motocycle%e2%89%a4-35-kw","status":"publish","type":"page","link":"https:\/\/autoecoletom.lu\/fr\/categorie-a2-motocycle%e2%89%a4-35-kw\/","title":{"rendered":"Cat\u00e9gorie A2 (Motocycle\u2264 35 KW)"},"content":{"rendered":"<p>[et_pb_section fb_built=\u00a0\u00bb1&Prime; _builder_version=\u00a0\u00bb4.9.9&Prime; _module_preset=\u00a0\u00bbdefault\u00a0\u00bb background_color=\u00a0\u00bb#f9f9f9&Prime; custom_padding=\u00a0\u00bb0px||0px|||\u00a0\u00bb][et_pb_row _builder_version=\u00a0\u00bb4.9.9&Prime; _module_preset=\u00a0\u00bbdefault\u00a0\u00bb][et_pb_column type=\u00a0\u00bb4_4&Prime; _builder_version=\u00a0\u00bb4.9.9&Prime; _module_preset=\u00a0\u00bbdefault\u00a0\u00bb][et_pb_text _builder_version=\u00a0\u00bb4.9.10&Prime; _module_preset=\u00a0\u00bbdefault\u00a0\u00bb custom_padding=\u00a0\u00bb||0px|||\u00a0\u00bb]<\/p>\n<h2>Cat\u00e9gorie A2 (Motocycle\u2264 35 KW)<\/h2>\n<p>[\/et_pb_text][\/et_pb_column][\/et_pb_row][\/et_pb_section][et_pb_section fb_built=\u00a0\u00bb1&Prime; _builder_version=\u00a0\u00bb4.9.10&Prime; _module_preset=\u00a0\u00bbdefault\u00a0\u00bb background_color=\u00a0\u00bb#0045bc\u00a0\u00bb custom_padding=\u00a0\u00bb0px||0px|||\u00a0\u00bb global_module=\u00a0\u00bb707&Prime;][et_pb_row make_equal=\u00a0\u00bbon\u00a0\u00bb _builder_version=\u00a0\u00bb4.9.10&Prime; _module_preset=\u00a0\u00bbdefault\u00a0\u00bb module_alignment=\u00a0\u00bbcenter\u00a0\u00bb custom_padding=\u00a0\u00bb||||false|false\u00a0\u00bb][et_pb_column type=\u00a0\u00bb4_4&Prime; _builder_version=\u00a0\u00bb4.9.10&Prime; _module_preset=\u00a0\u00bbdefault\u00a0\u00bb][et_pb_blurb title=\u00a0\u00bbDemande d&rsquo;obtention d&rsquo;un permis\u00a0\u00bb use_icon=\u00a0\u00bbon\u00a0\u00bb font_icon=\u00a0\u00bb%%65%%\u00a0\u00bb icon_color=\u00a0\u00bb#FFFFFF\u00a0\u00bb icon_placement=\u00a0\u00bbleft\u00a0\u00bb content_max_width=\u00a0\u00bb100%\u00a0\u00bb use_icon_font_size=\u00a0\u00bbon\u00a0\u00bb icon_font_size=\u00a0\u00bb2.8rem\u00a0\u00bb module_class=\u00a0\u00bbcustom-blurb\u00a0\u00bb _builder_version=\u00a0\u00bb4.9.10&Prime; _module_preset=\u00a0\u00bbdefault\u00a0\u00bb header_text_color=\u00a0\u00bb#FFFFFF\u00a0\u00bb custom_padding=\u00a0\u00bb||||false|false\u00a0\u00bb link_option_url=\u00a0\u00bb\/wp-content\/uploads\/2021\/09\/demande-obtention-permis-fr.pdf\u00a0\u00bb link_option_url_new_window=\u00a0\u00bbon\u00a0\u00bb transform_styles__hover_enabled=\u00a0\u00bbon|desktop\u00a0\u00bb transform_scale__hover_enabled=\u00a0\u00bbon|desktop\u00a0\u00bb transform_translate__hover_enabled=\u00a0\u00bbon|desktop\u00a0\u00bb transform_rotate__hover_enabled=\u00a0\u00bbon|desktop\u00a0\u00bb transform_skew__hover_enabled=\u00a0\u00bbon|desktop\u00a0\u00bb transform_origin__hover_enabled=\u00a0\u00bbon|desktop\u00a0\u00bb transform_scale__hover=\u00a0\u00bb110%|110%\u00a0\u00bb][\/et_pb_blurb][\/et_pb_column][\/et_pb_row][\/et_pb_section][et_pb_section fb_built=\u00a0\u00bb1&Prime; specialty=\u00a0\u00bbon\u00a0\u00bb _builder_version=\u00a0\u00bb4.9.9&Prime; _module_preset=\u00a0\u00bbdefault\u00a0\u00bb border_color_top=\u00a0\u00bbrgba(0,0,0,0)\u00a0\u00bb box_shadow_style=\u00a0\u00bbpreset1&Prime; box_shadow_spread=\u00a0\u00bb-13px\u00a0\u00bb box_shadow_color=\u00a0\u00bbrgba(0,0,0,0.28)\u00a0\u00bb][et_pb_column type=\u00a0\u00bb1_2&Prime; _builder_version=\u00a0\u00bb3.25&Prime; custom_padding=\u00a0\u00bb|||\u00a0\u00bb custom_padding__hover=\u00a0\u00bb|||\u00a0\u00bb][et_pb_image src=\u00a0\u00bbhttps:\/\/autoecoletom.lu\/wp-content\/uploads\/2021\/08\/bikeicon.jpg\u00a0\u00bb title_text=\u00a0\u00bbbikeicon\u00a0\u00bb align=\u00a0\u00bbright\u00a0\u00bb _builder_version=\u00a0\u00bb4.9.10&Prime; _module_preset=\u00a0\u00bbdefault\u00a0\u00bb width=\u00a0\u00bb80%\u00a0\u00bb][\/et_pb_image][\/et_pb_column][et_pb_column type=\u00a0\u00bb1_2&Prime; specialty_columns=\u00a0\u00bb2&Prime; _builder_version=\u00a0\u00bb3.25&Prime; custom_padding=\u00a0\u00bb|||\u00a0\u00bb custom_padding__hover=\u00a0\u00bb|||\u00a0\u00bb][et_pb_row_inner _builder_version=\u00a0\u00bb4.9.9&Prime; _module_preset=\u00a0\u00bbdefault\u00a0\u00bb background_color=\u00a0\u00bb#FFFFFF\u00a0\u00bb custom_margin=\u00a0\u00bb||2rem||false|false\u00a0\u00bb custom_padding=\u00a0\u00bb1rem|2rem|1rem|2rem|false|false\u00a0\u00bb border_radii=\u00a0\u00bbon|8px|8px|8px|8px\u00a0\u00bb border_width_all=\u00a0\u00bb1px\u00a0\u00bb border_color_all=\u00a0\u00bb#ed0000&Prime;][et_pb_column_inner saved_specialty_column_type=\u00a0\u00bb1_2&Prime; _builder_version=\u00a0\u00bb4.9.9&Prime; _module_preset=\u00a0\u00bbdefault\u00a0\u00bb][et_pb_text _builder_version=\u00a0\u00bb4.9.9&Prime; _module_preset=\u00a0\u00bbdefault\u00a0\u00bb text_text_color=\u00a0\u00bb#ed0000&Prime; text_font_size=\u00a0\u00bb1rem\u00a0\u00bb]<\/p>\n<p><strong>Documents requis pour l&rsquo;inscription :<\/strong><\/p>\n<p>[\/et_pb_text][et_pb_divider color=\u00a0\u00bbrgba(0,0,0,0.08)\u00a0\u00bb divider_weight=\u00a0\u00bb1px\u00a0\u00bb _builder_version=\u00a0\u00bb4.9.9&Prime; _module_preset=\u00a0\u00bbdefault\u00a0\u00bb custom_margin=\u00a0\u00bb-15px||1px||false|false\u00a0\u00bb custom_padding=\u00a0\u00bb0px||0px||false|false\u00a0\u00bb][\/et_pb_divider][et_pb_text module_class=\u00a0\u00bbhourbox\u00a0\u00bb _builder_version=\u00a0\u00bb4.9.9&Prime; _module_preset=\u00a0\u00bbdefault\u00a0\u00bb custom_css_main_element=\u00a0\u00bbbackground: #ED0000!important;||\u00a0\u00bb]<\/p>\n<p>\u00c2ge minimum: 17 1\/2 ans<\/p>\n<p>[\/et_pb_text][et_pb_text _builder_version=\u00a0\u00bb4.9.9&Prime; _module_preset=\u00a0\u00bbdefault\u00a0\u00bb custom_margin=\u00a0\u00bb-9px|||||\u00a0\u00bb]<\/p>\n<ul>\n<li><strong>Certificat m\u00e9dical : <\/strong> datant de moins de 3 mois<\/li>\n<li><strong>1 Photo d\u2019identit\u00e9 : <\/strong> r\u00e9cente (prise de face) au format 45 x 35mm<\/li>\n<li><strong>Photocopie de ta carte d\u2019identit\u00e9<\/strong><\/li>\n<li><strong>Signature de la demande<\/strong> par un des parents + photocopie de leur carte d\u2019identit\u00e9, si tu n\u2019es pas encore majeur<\/li>\n<li><strong>Extrait du casier judiciaire du pays d\u2019origine,<\/strong> si ta r\u00e9sidence au Luxembourg remonte \u00e0 moins de 5 ans<\/li>\n<\/ul>\n<p>[\/et_pb_text][\/et_pb_column_inner][\/et_pb_row_inner][et_pb_row_inner _builder_version=\u00a0\u00bb4.9.9&Prime; _module_preset=\u00a0\u00bbdefault\u00a0\u00bb background_color=\u00a0\u00bb#FFFFFF\u00a0\u00bb custom_margin=\u00a0\u00bb||2rem||false|false\u00a0\u00bb custom_padding=\u00a0\u00bb1rem|2rem|1rem|2rem|false|false\u00a0\u00bb border_radii=\u00a0\u00bbon|8px|8px|8px|8px\u00a0\u00bb border_width_all=\u00a0\u00bb1px\u00a0\u00bb border_color_all=\u00a0\u00bb#0056c6&Prime;][et_pb_column_inner saved_specialty_column_type=\u00a0\u00bb1_2&Prime; _builder_version=\u00a0\u00bb4.9.9&Prime; _module_preset=\u00a0\u00bbdefault\u00a0\u00bb][et_pb_text _builder_version=\u00a0\u00bb4.9.10&Prime; _module_preset=\u00a0\u00bbdefault\u00a0\u00bb text_text_color=\u00a0\u00bb#0056c6&Prime; text_font_size=\u00a0\u00bb1rem\u00a0\u00bb locked=\u00a0\u00bboff\u00a0\u00bb]<\/p>\n<p><strong>Partie th\u00e9orique + pratique :<\/strong><\/p>\n<p>[\/et_pb_text][et_pb_divider color=\u00a0\u00bbrgba(0,0,0,0.08)\u00a0\u00bb divider_weight=\u00a0\u00bb1px\u00a0\u00bb _builder_version=\u00a0\u00bb4.9.9&Prime; _module_preset=\u00a0\u00bbdefault\u00a0\u00bb custom_margin=\u00a0\u00bb-15px||1px||false|false\u00a0\u00bb custom_padding=\u00a0\u00bb0px||0px||false|false\u00a0\u00bb locked=\u00a0\u00bboff\u00a0\u00bb][\/et_pb_divider][et_pb_text _builder_version=\u00a0\u00bb4.9.10&Prime; _module_preset=\u00a0\u00bbdefault\u00a0\u00bb text_text_color=\u00a0\u00bb#2c3741&Prime; hover_enabled=\u00a0\u00bb0&Prime; locked=\u00a0\u00bboff\u00a0\u00bb sticky_enabled=\u00a0\u00bb0&Prime;]<\/p>\n<div class=\"hourbox\">6 heures th\u00e9oriques<\/div>\n<p style=\"text-align: center;\">(3 heures suppl\u00e9mentaires, en cas d&rsquo;\u00e9chec \u00e0 l&rsquo;examen).<\/p>\n<h1 style=\"text-align: center;\"><strong>+<\/strong><\/h1>\n<div class=\"hourbox\">Examen th\u00e9orique<\/div>\n<p>[\/et_pb_text][et_pb_text _builder_version=\u00a0\u00bb4.9.9&Prime; _module_preset=\u00a0\u00bbdefault\u00a0\u00bb text_text_color=\u00a0\u00bb#0056c6&Prime; text_font_size=\u00a0\u00bb1rem\u00a0\u00bb locked=\u00a0\u00bboff\u00a0\u00bb]<\/p>\n<p><strong>Partie pratique :<\/strong><\/p>\n<p>[\/et_pb_text][et_pb_divider color=\u00a0\u00bbrgba(0,0,0,0.08)\u00a0\u00bb divider_weight=\u00a0\u00bb1px\u00a0\u00bb _builder_version=\u00a0\u00bb4.9.9&Prime; _module_preset=\u00a0\u00bbdefault\u00a0\u00bb custom_margin=\u00a0\u00bb-15px||1px||false|false\u00a0\u00bb custom_padding=\u00a0\u00bb0px||0px||false|false\u00a0\u00bb locked=\u00a0\u00bboff\u00a0\u00bb][\/et_pb_divider][et_pb_text _builder_version=\u00a0\u00bb4.9.10&Prime; _module_preset=\u00a0\u00bbdefault\u00a0\u00bb text_text_color=\u00a0\u00bb#2c3741&Prime; locked=\u00a0\u00bboff\u00a0\u00bb]<\/p>\n<div class=\"hourbox\">16 heures pratiques<\/div>\n<p style=\"text-align: center;\">(8 heures suppl\u00e9mentaires, en cas d&rsquo;\u00e9chec \u00e0 l&rsquo;examen).<\/p>\n<h1 style=\"text-align: center;\"><strong>+<\/strong><\/h1>\n<div class=\"hourbox\">Examen pratique<\/div>\n<p>[\/et_pb_text][\/et_pb_column_inner][\/et_pb_row_inner][et_pb_row_inner _builder_version=\u00a0\u00bb4.9.9&Prime; _module_preset=\u00a0\u00bbdefault\u00a0\u00bb background_color=\u00a0\u00bb#FFFFFF\u00a0\u00bb custom_margin=\u00a0\u00bb||2rem||false|false\u00a0\u00bb custom_padding=\u00a0\u00bb1rem|2rem|1rem|2rem|false|false\u00a0\u00bb border_radii=\u00a0\u00bbon|8px|8px|8px|8px\u00a0\u00bb border_width_all=\u00a0\u00bb1px\u00a0\u00bb border_color_all=\u00a0\u00bb#0056c6&Prime;][et_pb_column_inner saved_specialty_column_type=\u00a0\u00bb1_2&Prime; _builder_version=\u00a0\u00bb4.9.9&Prime; _module_preset=\u00a0\u00bbdefault\u00a0\u00bb][et_pb_text _builder_version=\u00a0\u00bb4.9.10&Prime; _module_preset=\u00a0\u00bbdefault\u00a0\u00bb text_text_color=\u00a0\u00bb#0056c6&Prime; text_font_size=\u00a0\u00bb1rem\u00a0\u00bb locked=\u00a0\u00bboff\u00a0\u00bb]<\/p>\n<p><strong>Extension A1 \u00e0 A2 :<\/strong><\/p>\n<p>[\/et_pb_text][et_pb_divider color=\u00a0\u00bbrgba(0,0,0,0.08)\u00a0\u00bb divider_weight=\u00a0\u00bb1px\u00a0\u00bb _builder_version=\u00a0\u00bb4.9.9&Prime; _module_preset=\u00a0\u00bbdefault\u00a0\u00bb custom_margin=\u00a0\u00bb-15px||1px||false|false\u00a0\u00bb custom_padding=\u00a0\u00bb0px||0px||false|false\u00a0\u00bb locked=\u00a0\u00bboff\u00a0\u00bb][\/et_pb_divider][et_pb_text _builder_version=\u00a0\u00bb4.9.10&Prime; _module_preset=\u00a0\u00bbdefault\u00a0\u00bb text_text_color=\u00a0\u00bb#2c3741&Prime; hover_enabled=\u00a0\u00bb0&Prime; locked=\u00a0\u00bboff\u00a0\u00bb sticky_enabled=\u00a0\u00bb0&Prime;]<\/p>\n<div class=\"hourbox\">7 heures (th\u00e9orie et pratique)<\/div>\n<p>[\/et_pb_text][\/et_pb_column_inner][\/et_pb_row_inner][\/et_pb_column][\/et_pb_section][et_pb_section fb_built=\u00a0\u00bb1&Prime; _builder_version=\u00a0\u00bb4.9.9&Prime; _module_preset=\u00a0\u00bbdefault\u00a0\u00bb][et_pb_row _builder_version=\u00a0\u00bb4.9.9&Prime; _module_preset=\u00a0\u00bbdefault\u00a0\u00bb][et_pb_column type=\u00a0\u00bb4_4&Prime; _builder_version=\u00a0\u00bb4.9.9&Prime; _module_preset=\u00a0\u00bbdefault\u00a0\u00bb][et_pb_text _builder_version=\u00a0\u00bb4.9.9&Prime; _module_preset=\u00a0\u00bbdefault\u00a0\u00bb]<\/p>\n<p><strong>Le permis A2 vous permet de conduire les v\u00e9hicules<\/strong> <strong>suivants :<\/strong><\/p>\n<ul>\n<li>Motocycle d\u2019une puissance maximale de 35 kW qui pr\u00e9sentent un rapport puissance\/poids \u2264 0,2 kW\/kg et qui ne sont pas d\u00e9riv\u00e9s d\u2019un v\u00e9hicule d\u00e9veloppant plus du double de sa puissance.<\/li>\n<li>Motocycle l\u00e9ger (125 cm\u00b3)<\/li>\n<li>Cyclomoteur jusqu\u2019\u00e0 50 cm\u00b3<\/li>\n<li>Quadricycle l\u00e9ger d\u2019une cylindr\u00e9e jusqu\u2019\u00e0 50 cm\u00b3<\/li>\n<\/ul>\n<p>[\/et_pb_text][\/et_pb_column][\/et_pb_row][\/et_pb_section]<\/p>\n","protected":false},"excerpt":{"rendered":"<p>Cat\u00e9gorie A2 (Motocycle\u2264 35 KW)Documents requis pour l&rsquo;inscription :\u00c2ge minimum: 17 1\/2 ans Certificat m\u00e9dical : datant de moins de 3 mois 1 Photo d\u2019identit\u00e9 : r\u00e9cente (prise de face) au format 45 x 35mm Photocopie de ta carte d\u2019identit\u00e9 Signature de la demande par un des parents + photocopie de leur carte d\u2019identit\u00e9, si [&hellip;]<\/p>\n","protected":false},"author":7,"featured_media":0,"parent":0,"menu_order":0,"comment_status":"closed","ping_status":"closed","template":"","meta":{"_et_pb_use_builder":"on","_et_pb_old_content":"","_et_gb_content_width":"","footnotes":""},"class_list":["post-453","page","type-page","status-publish","hentry"],"yoast_head":"<!-- This site is optimized with the Yoast SEO plugin v27.4 - https:\/\/yoast.com\/product\/yoast-seo-wordpress\/ -->\n<title>Cat\u00e9gorie A2 (Motocycle\u2264 35 KW) - Auto Ecole Tom<\/title>\n<meta name=\"robots\" content=\"index, follow, max-snippet:-1, max-image-preview:large, max-video-preview:-1\" \/>\n<link rel=\"canonical\" href=\"https:\/\/autoecoletom.lu\/fr\/categorie-a2-motocycle%e2%89%a4-35-kw\/\" \/>\n<meta property=\"og:locale\" content=\"fr_FR\" \/>\n<meta property=\"og:type\" content=\"article\" \/>\n<meta property=\"og:title\" content=\"Cat\u00e9gorie A2 (Motocycle\u2264 35 KW) - Auto Ecole Tom\" \/>\n<meta property=\"og:description\" content=\"Cat\u00e9gorie A2 (Motocycle\u2264 35 KW)Documents requis pour l&#039;inscription :\u00c2ge minimum: 17 1\/2 ans Certificat m\u00e9dical : datant de moins de 3 mois 1 Photo d\u2019identit\u00e9 : r\u00e9cente (prise de face) au format 45 x 35mm Photocopie de ta carte d\u2019identit\u00e9 Signature de la demande par un des parents + photocopie de leur carte d\u2019identit\u00e9, si [&hellip;]\" \/>\n<meta property=\"og:url\" content=\"https:\/\/autoecoletom.lu\/fr\/categorie-a2-motocycle%e2%89%a4-35-kw\/\" \/>\n<meta property=\"og:site_name\" content=\"Auto Ecole Tom\" \/>\n<meta property=\"article:modified_time\" content=\"2021-09-13T08:51:14+00:00\" \/>\n<meta name=\"twitter:card\" content=\"summary_large_image\" \/>\n<meta name=\"twitter:label1\" content=\"Dur\u00e9e de lecture estim\u00e9e\" \/>\n\t<meta name=\"twitter:data1\" content=\"5 minutes\" \/>\n<script type=\"application\/ld+json\" class=\"yoast-schema-graph\">{\"@context\":\"https:\\\/\\\/schema.org\",\"@graph\":[{\"@type\":\"WebPage\",\"@id\":\"https:\\\/\\\/autoecoletom.lu\\\/fr\\\/categorie-a2-motocycle%e2%89%a4-35-kw\\\/\",\"url\":\"https:\\\/\\\/autoecoletom.lu\\\/fr\\\/categorie-a2-motocycle%e2%89%a4-35-kw\\\/\",\"name\":\"Cat\u00e9gorie A2 (Motocycle\u2264 35 KW) - Auto Ecole Tom\",\"isPartOf\":{\"@id\":\"https:\\\/\\\/autoecoletom.lu\\\/fr\\\/#website\"},\"datePublished\":\"2021-08-02T15:48:33+00:00\",\"dateModified\":\"2021-09-13T08:51:14+00:00\",\"breadcrumb\":{\"@id\":\"https:\\\/\\\/autoecoletom.lu\\\/fr\\\/categorie-a2-motocycle%e2%89%a4-35-kw\\\/#breadcrumb\"},\"inLanguage\":\"fr-FR\",\"potentialAction\":[{\"@type\":\"ReadAction\",\"target\":[\"https:\\\/\\\/autoecoletom.lu\\\/fr\\\/categorie-a2-motocycle%e2%89%a4-35-kw\\\/\"]}]},{\"@type\":\"BreadcrumbList\",\"@id\":\"https:\\\/\\\/autoecoletom.lu\\\/fr\\\/categorie-a2-motocycle%e2%89%a4-35-kw\\\/#breadcrumb\",\"itemListElement\":[{\"@type\":\"ListItem\",\"position\":1,\"name\":\"Home\",\"item\":\"https:\\\/\\\/autoecoletom.lu\\\/fr\\\/page-daccueil\\\/\"},{\"@type\":\"ListItem\",\"position\":2,\"name\":\"Cat\u00e9gorie A2 (Motocycle\u2264 35 KW)\"}]},{\"@type\":\"WebSite\",\"@id\":\"https:\\\/\\\/autoecoletom.lu\\\/fr\\\/#website\",\"url\":\"https:\\\/\\\/autoecoletom.lu\\\/fr\\\/\",\"name\":\"Auto Ecole Tom\",\"description\":\"\",\"publisher\":{\"@id\":\"https:\\\/\\\/autoecoletom.lu\\\/fr\\\/#organization\"},\"potentialAction\":[{\"@type\":\"SearchAction\",\"target\":{\"@type\":\"EntryPoint\",\"urlTemplate\":\"https:\\\/\\\/autoecoletom.lu\\\/fr\\\/?s={search_term_string}\"},\"query-input\":{\"@type\":\"PropertyValueSpecification\",\"valueRequired\":true,\"valueName\":\"search_term_string\"}}],\"inLanguage\":\"fr-FR\"},{\"@type\":\"Organization\",\"@id\":\"https:\\\/\\\/autoecoletom.lu\\\/fr\\\/#organization\",\"name\":\"Auto Ecole Tom\",\"url\":\"https:\\\/\\\/autoecoletom.lu\\\/fr\\\/\",\"logo\":{\"@type\":\"ImageObject\",\"inLanguage\":\"fr-FR\",\"@id\":\"https:\\\/\\\/autoecoletom.lu\\\/fr\\\/#\\\/schema\\\/logo\\\/image\\\/\",\"url\":\"https:\\\/\\\/autoecoletom.lu\\\/wp-content\\\/uploads\\\/2021\\\/07\\\/logo-large.png\",\"contentUrl\":\"https:\\\/\\\/autoecoletom.lu\\\/wp-content\\\/uploads\\\/2021\\\/07\\\/logo-large.png\",\"width\":1912,\"height\":1008,\"caption\":\"Auto Ecole Tom\"},\"image\":{\"@id\":\"https:\\\/\\\/autoecoletom.lu\\\/fr\\\/#\\\/schema\\\/logo\\\/image\\\/\"}}]}<\/script>\n<!-- \/ Yoast SEO plugin. -->","yoast_head_json":{"title":"Cat\u00e9gorie A2 (Motocycle\u2264 35 KW) - Auto Ecole Tom","robots":{"index":"index","follow":"follow","max-snippet":"max-snippet:-1","max-image-preview":"max-image-preview:large","max-video-preview":"max-video-preview:-1"},"canonical":"https:\/\/autoecoletom.lu\/fr\/categorie-a2-motocycle%e2%89%a4-35-kw\/","og_locale":"fr_FR","og_type":"article","og_title":"Cat\u00e9gorie A2 (Motocycle\u2264 35 KW) - Auto Ecole Tom","og_description":"Cat\u00e9gorie A2 (Motocycle\u2264 35 KW)Documents requis pour l'inscription :\u00c2ge minimum: 17 1\/2 ans Certificat m\u00e9dical : datant de moins de 3 mois 1 Photo d\u2019identit\u00e9 : r\u00e9cente (prise de face) au format 45 x 35mm Photocopie de ta carte d\u2019identit\u00e9 Signature de la demande par un des parents + photocopie de leur carte d\u2019identit\u00e9, si [&hellip;]","og_url":"https:\/\/autoecoletom.lu\/fr\/categorie-a2-motocycle%e2%89%a4-35-kw\/","og_site_name":"Auto Ecole Tom","article_modified_time":"2021-09-13T08:51:14+00:00","twitter_card":"summary_large_image","twitter_misc":{"Dur\u00e9e de lecture estim\u00e9e":"5 minutes"},"schema":{"@context":"https:\/\/schema.org","@graph":[{"@type":"WebPage","@id":"https:\/\/autoecoletom.lu\/fr\/categorie-a2-motocycle%e2%89%a4-35-kw\/","url":"https:\/\/autoecoletom.lu\/fr\/categorie-a2-motocycle%e2%89%a4-35-kw\/","name":"Cat\u00e9gorie A2 (Motocycle\u2264 35 KW) - Auto Ecole Tom","isPartOf":{"@id":"https:\/\/autoecoletom.lu\/fr\/#website"},"datePublished":"2021-08-02T15:48:33+00:00","dateModified":"2021-09-13T08:51:14+00:00","breadcrumb":{"@id":"https:\/\/autoecoletom.lu\/fr\/categorie-a2-motocycle%e2%89%a4-35-kw\/#breadcrumb"},"inLanguage":"fr-FR","potentialAction":[{"@type":"ReadAction","target":["https:\/\/autoecoletom.lu\/fr\/categorie-a2-motocycle%e2%89%a4-35-kw\/"]}]},{"@type":"BreadcrumbList","@id":"https:\/\/autoecoletom.lu\/fr\/categorie-a2-motocycle%e2%89%a4-35-kw\/#breadcrumb","itemListElement":[{"@type":"ListItem","position":1,"name":"Home","item":"https:\/\/autoecoletom.lu\/fr\/page-daccueil\/"},{"@type":"ListItem","position":2,"name":"Cat\u00e9gorie A2 (Motocycle\u2264 35 KW)"}]},{"@type":"WebSite","@id":"https:\/\/autoecoletom.lu\/fr\/#website","url":"https:\/\/autoecoletom.lu\/fr\/","name":"Auto Ecole Tom","description":"","publisher":{"@id":"https:\/\/autoecoletom.lu\/fr\/#organization"},"potentialAction":[{"@type":"SearchAction","target":{"@type":"EntryPoint","urlTemplate":"https:\/\/autoecoletom.lu\/fr\/?s={search_term_string}"},"query-input":{"@type":"PropertyValueSpecification","valueRequired":true,"valueName":"search_term_string"}}],"inLanguage":"fr-FR"},{"@type":"Organization","@id":"https:\/\/autoecoletom.lu\/fr\/#organization","name":"Auto Ecole Tom","url":"https:\/\/autoecoletom.lu\/fr\/","logo":{"@type":"ImageObject","inLanguage":"fr-FR","@id":"https:\/\/autoecoletom.lu\/fr\/#\/schema\/logo\/image\/","url":"https:\/\/autoecoletom.lu\/wp-content\/uploads\/2021\/07\/logo-large.png","contentUrl":"https:\/\/autoecoletom.lu\/wp-content\/uploads\/2021\/07\/logo-large.png","width":1912,"height":1008,"caption":"Auto Ecole Tom"},"image":{"@id":"https:\/\/autoecoletom.lu\/fr\/#\/schema\/logo\/image\/"}}]}},"_links":{"self":[{"href":"https:\/\/autoecoletom.lu\/fr\/wp-json\/wp\/v2\/pages\/453","targetHints":{"allow":["GET"]}}],"collection":[{"href":"https:\/\/autoecoletom.lu\/fr\/wp-json\/wp\/v2\/pages"}],"about":[{"href":"https:\/\/autoecoletom.lu\/fr\/wp-json\/wp\/v2\/types\/page"}],"author":[{"embeddable":true,"href":"https:\/\/autoecoletom.lu\/fr\/wp-json\/wp\/v2\/users\/7"}],"replies":[{"embeddable":true,"href":"https:\/\/autoecoletom.lu\/fr\/wp-json\/wp\/v2\/comments?post=453"}],"version-history":[{"count":45,"href":"https:\/\/autoecoletom.lu\/fr\/wp-json\/wp\/v2\/pages\/453\/revisions"}],"predecessor-version":[{"id":952,"href":"https:\/\/autoecoletom.lu\/fr\/wp-json\/wp\/v2\/pages\/453\/revisions\/952"}],"wp:attachment":[{"href":"https:\/\/autoecoletom.lu\/fr\/wp-json\/wp\/v2\/media?parent=453"}],"curies":[{"name":"wp","href":"https:\/\/api.w.org\/{rel}","templated":true}]}}