{"id":881,"date":"2021-09-07T08:42:27","date_gmt":"2021-09-07T08:42:27","guid":{"rendered":"https:\/\/autoecoletom.lu\/kategorie-a2-motorrad-%e2%89%a4-35-kw\/"},"modified":"2021-09-13T09:02:04","modified_gmt":"2021-09-13T09:02:04","slug":"kategorie-a2-motorrad-%e2%89%a4-35-kw","status":"publish","type":"page","link":"https:\/\/autoecoletom.lu\/lu\/kategorie-a2-motorrad-%e2%89%a4-35-kw\/","title":{"rendered":"Kategorie A2 (Motorrad \u2264 35 KW)"},"content":{"rendered":"<p>[et_pb_section fb_built=&#8221;1&#8243; _builder_version=&#8221;4.9.9&#8243; _module_preset=&#8221;default&#8221; background_color=&#8221;#f9f9f9&#8243; custom_padding=&#8221;0px||0px|||&#8221;][et_pb_row _builder_version=&#8221;4.9.9&#8243; _module_preset=&#8221;default&#8221;][et_pb_column type=&#8221;4_4&#8243; _builder_version=&#8221;4.9.9&#8243; _module_preset=&#8221;default&#8221;][et_pb_text _builder_version=&#8221;4.9.10&#8243; _module_preset=&#8221;default&#8221; custom_padding=&#8221;||0px|||&#8221;]<\/p>\n<h2>Kategorie A2 (Motorrad \u2264 35 KW)<\/h2>\n<p>[\/et_pb_text][\/et_pb_column][\/et_pb_row][\/et_pb_section][et_pb_section fb_built=&#8221;1&#8243; _builder_version=&#8221;4.9.10&#8243; _module_preset=&#8221;default&#8221; background_color=&#8221;#0045bc&#8221; custom_padding=&#8221;0px||0px|||&#8221; global_module=&#8221;707&#8243;][et_pb_row make_equal=&#8221;on&#8221; _builder_version=&#8221;4.9.10&#8243; _module_preset=&#8221;default&#8221; module_alignment=&#8221;center&#8221; custom_padding=&#8221;||||false|false&#8221;][et_pb_column type=&#8221;4_4&#8243; _builder_version=&#8221;4.9.10&#8243; _module_preset=&#8221;default&#8221;][et_pb_blurb title=&#8221;Demande d&#8217;obtention d&#8217;un permis&#8221; use_icon=&#8221;on&#8221; font_icon=&#8221;%%65%%&#8221; icon_color=&#8221;#FFFFFF&#8221; icon_placement=&#8221;left&#8221; content_max_width=&#8221;100%&#8221; use_icon_font_size=&#8221;on&#8221; icon_font_size=&#8221;2.8rem&#8221; module_class=&#8221;custom-blurb&#8221; _builder_version=&#8221;4.9.10&#8243; _module_preset=&#8221;default&#8221; header_text_color=&#8221;#FFFFFF&#8221; custom_padding=&#8221;||||false|false&#8221; link_option_url=&#8221;\/wp-content\/uploads\/2021\/09\/demande-obtention-permis-fr.pdf&#8221; link_option_url_new_window=&#8221;on&#8221; transform_styles__hover_enabled=&#8221;on|desktop&#8221; transform_scale__hover_enabled=&#8221;on|desktop&#8221; transform_translate__hover_enabled=&#8221;on|desktop&#8221; transform_rotate__hover_enabled=&#8221;on|desktop&#8221; transform_skew__hover_enabled=&#8221;on|desktop&#8221; transform_origin__hover_enabled=&#8221;on|desktop&#8221; transform_scale__hover=&#8221;110%|110%&#8221;][\/et_pb_blurb][\/et_pb_column][\/et_pb_row][\/et_pb_section][et_pb_section fb_built=&#8221;1&#8243; specialty=&#8221;on&#8221; _builder_version=&#8221;4.9.9&#8243; _module_preset=&#8221;default&#8221; border_color_top=&#8221;rgba(0,0,0,0)&#8221; box_shadow_style=&#8221;preset1&#8243; box_shadow_spread=&#8221;-13px&#8221; box_shadow_color=&#8221;rgba(0,0,0,0.28)&#8221;][et_pb_column type=&#8221;1_2&#8243; _builder_version=&#8221;3.25&#8243; custom_padding=&#8221;|||&#8221; custom_padding__hover=&#8221;|||&#8221;][et_pb_image src=&#8221;https:\/\/autoecoletom.lu\/wp-content\/uploads\/2021\/08\/bikeicon.jpg&#8221; title_text=&#8221;bikeicon&#8221; align=&#8221;right&#8221; _builder_version=&#8221;4.9.10&#8243; _module_preset=&#8221;default&#8221; width=&#8221;80%&#8221;][\/et_pb_image][\/et_pb_column][et_pb_column type=&#8221;1_2&#8243; specialty_columns=&#8221;2&#8243; _builder_version=&#8221;3.25&#8243; custom_padding=&#8221;|||&#8221; custom_padding__hover=&#8221;|||&#8221;][et_pb_row_inner _builder_version=&#8221;4.9.9&#8243; _module_preset=&#8221;default&#8221; background_color=&#8221;#FFFFFF&#8221; custom_margin=&#8221;||2rem||false|false&#8221; custom_padding=&#8221;1rem|2rem|1rem|2rem|false|false&#8221; border_radii=&#8221;on|8px|8px|8px|8px&#8221; border_width_all=&#8221;1px&#8221; border_color_all=&#8221;#ed0000&#8243;][et_pb_column_inner saved_specialty_column_type=&#8221;1_2&#8243; _builder_version=&#8221;4.9.9&#8243; _module_preset=&#8221;default&#8221;][et_pb_text _builder_version=&#8221;4.9.9&#8243; _module_preset=&#8221;default&#8221; text_text_color=&#8221;#ed0000&#8243; text_font_size=&#8221;1rem&#8221;]<\/p>\n<p><strong>\u00cbnnerlagen, d\u00e9i fir d&#8217;Umelle gebraucht ginn:<\/strong><\/p>\n<p>[\/et_pb_text][et_pb_divider color=&#8221;rgba(0,0,0,0.08)&#8221; divider_weight=&#8221;1px&#8221; _builder_version=&#8221;4.9.9&#8243; _module_preset=&#8221;default&#8221; custom_margin=&#8221;-15px||1px||false|false&#8221; custom_padding=&#8221;0px||0px||false|false&#8221;][\/et_pb_divider][et_pb_text module_class=&#8221;hourbox&#8221; _builder_version=&#8221;4.9.9&#8243; _module_preset=&#8221;default&#8221; custom_css_main_element=&#8221;background: #ED0000!important;||&#8221;]<\/p>\n<p>Mindestalter 17 1\/2 Joer<\/p>\n<p>[\/et_pb_text][et_pb_text _builder_version=&#8221;4.9.9&#8243; _module_preset=&#8221;default&#8221; custom_margin=&#8221;-9px|||||&#8221;]<\/p>\n<ul>\n<li>En <strong>Attest vum Dokter<\/strong>: net m\u00e9i al w\u00e9i 3 M\u00e9int<\/li>\n<li><strong>1 Passfoto<\/strong>: en aktuellt Passbild (vu fir opgeholl) am Format 45 x 35mm<\/li>\n<li><strong>Fotokopie vun denger Identit\u00e9itskaart<\/strong><\/li>\n<li><strong>\u00cbnnerschr\u00ebft vun denger Demande<\/strong> vun engem Elterendeel + Fotokopie vu senger Identit\u00e9itskaart, falls de nach net groussj\u00e4reg bass<\/li>\n<li><strong>En Extrait aus dem Casier<\/strong> aus dem Land wou s de k\u00ebnns, wann s de manner w\u00e9i 5 Joer zu L\u00ebtzebuerg liefs<\/li>\n<\/ul>\n<p>[\/et_pb_text][\/et_pb_column_inner][\/et_pb_row_inner][et_pb_row_inner _builder_version=&#8221;4.9.9&#8243; _module_preset=&#8221;default&#8221; background_color=&#8221;#FFFFFF&#8221; custom_margin=&#8221;||2rem||false|false&#8221; custom_padding=&#8221;1rem|2rem|1rem|2rem|false|false&#8221; border_radii=&#8221;on|8px|8px|8px|8px&#8221; border_width_all=&#8221;1px&#8221; border_color_all=&#8221;#0056c6&#8243;][et_pb_column_inner saved_specialty_column_type=&#8221;1_2&#8243; _builder_version=&#8221;4.9.9&#8243; _module_preset=&#8221;default&#8221;][et_pb_text _builder_version=&#8221;4.9.10&#8243; _module_preset=&#8221;default&#8221; text_text_color=&#8221;#0056c6&#8243; text_font_size=&#8221;1rem&#8221; locked=&#8221;off&#8221;]<\/p>\n<p><strong>Theoreteschen + Prakteschen Deel :<\/strong><\/p>\n<p>[\/et_pb_text][et_pb_divider color=&#8221;rgba(0,0,0,0.08)&#8221; divider_weight=&#8221;1px&#8221; _builder_version=&#8221;4.9.9&#8243; _module_preset=&#8221;default&#8221; custom_margin=&#8221;-15px||1px||false|false&#8221; custom_padding=&#8221;0px||0px||false|false&#8221; locked=&#8221;off&#8221;][\/et_pb_divider][et_pb_text _builder_version=&#8221;4.9.10&#8243; _module_preset=&#8221;default&#8221; text_text_color=&#8221;#2c3741&#8243; hover_enabled=&#8221;0&#8243; locked=&#8221;off&#8221; sticky_enabled=&#8221;0&#8243;]<\/p>\n<div class=\"hourbox\">6 theoretesch Stunden<\/div>\n<p style=\"text-align: center\">(3 weider Stonnen, wann s de d&#8217;Pr\u00fcfung net packs)<\/p>\n<h1 style=\"text-align: center\"><strong>+<\/strong><\/h1>\n<div class=\"hourbox\">Theoretesch Pr\u00fcfung<\/div>\n<p>[\/et_pb_text][et_pb_text _builder_version=&#8221;4.9.9&#8243; _module_preset=&#8221;default&#8221; text_text_color=&#8221;#0056c6&#8243; text_font_size=&#8221;1rem&#8221; locked=&#8221;off&#8221;]<\/p>\n<p><strong>Prakteschen Deel:<\/strong><\/p>\n<p>[\/et_pb_text][et_pb_divider color=&#8221;rgba(0,0,0,0.08)&#8221; divider_weight=&#8221;1px&#8221; _builder_version=&#8221;4.9.9&#8243; _module_preset=&#8221;default&#8221; custom_margin=&#8221;-15px||1px||false|false&#8221; custom_padding=&#8221;0px||0px||false|false&#8221; locked=&#8221;off&#8221;][\/et_pb_divider][et_pb_text _builder_version=&#8221;4.9.10&#8243; _module_preset=&#8221;default&#8221; text_text_color=&#8221;#2c3741&#8243; locked=&#8221;off&#8221;]<\/p>\n<div class=\"hourbox\">16 praktesch Stonnen<\/div>\n<p style=\"text-align: center\">(8 weider Stonnen, wann s de d&#8217;Pr\u00fcfung net packs)<\/p>\n<h1 style=\"text-align: center\"><strong>+<\/strong><\/h1>\n<div class=\"hourbox\">Praktesch Pr\u00fcfung<\/div>\n<p>[\/et_pb_text][\/et_pb_column_inner][\/et_pb_row_inner][et_pb_row_inner _builder_version=&#8221;4.9.9&#8243; _module_preset=&#8221;default&#8221; background_color=&#8221;#FFFFFF&#8221; custom_margin=&#8221;||2rem||false|false&#8221; custom_padding=&#8221;1rem|2rem|1rem|2rem|false|false&#8221; border_radii=&#8221;on|8px|8px|8px|8px&#8221; border_width_all=&#8221;1px&#8221; border_color_all=&#8221;#0056c6&#8243;][et_pb_column_inner saved_specialty_column_type=&#8221;1_2&#8243; _builder_version=&#8221;4.9.9&#8243; _module_preset=&#8221;default&#8221;][et_pb_text _builder_version=&#8221;4.9.10&#8243; _module_preset=&#8221;default&#8221; text_text_color=&#8221;#0056c6&#8243; text_font_size=&#8221;1rem&#8221; locked=&#8221;off&#8221;]<\/p>\n<p><strong>Erweiderung vun A1 op A2<\/strong><\/p>\n<p>[\/et_pb_text][et_pb_divider color=&#8221;rgba(0,0,0,0.08)&#8221; divider_weight=&#8221;1px&#8221; _builder_version=&#8221;4.9.9&#8243; _module_preset=&#8221;default&#8221; custom_margin=&#8221;-15px||1px||false|false&#8221; custom_padding=&#8221;0px||0px||false|false&#8221; locked=&#8221;off&#8221;][\/et_pb_divider][et_pb_text _builder_version=&#8221;4.9.10&#8243; _module_preset=&#8221;default&#8221; text_text_color=&#8221;#2c3741&#8243; hover_enabled=&#8221;0&#8243; locked=&#8221;off&#8221; sticky_enabled=&#8221;0&#8243;]<\/p>\n<div class=\"hourbox\">7 Stonnen (Theorie an Praktik)<\/div>\n<p>[\/et_pb_text][\/et_pb_column_inner][\/et_pb_row_inner][\/et_pb_column][\/et_pb_section][et_pb_section fb_built=&#8221;1&#8243; _builder_version=&#8221;4.9.9&#8243; _module_preset=&#8221;default&#8221;][et_pb_row _builder_version=&#8221;4.9.9&#8243; _module_preset=&#8221;default&#8221;][et_pb_column type=&#8221;4_4&#8243; _builder_version=&#8221;4.9.9&#8243; _module_preset=&#8221;default&#8221;][et_pb_text _builder_version=&#8221;4.9.9&#8243; _module_preset=&#8221;default&#8221;]<\/p>\n<p><strong>De F\u00fchrersch\u00e4in vun der Klass A2 erlaabt et dir, heimat ze<\/strong> <strong>fueren:<\/strong><\/p>\n<ul>\n<li>e Motorrad vun \u2264 35 kW mat engem Verh\u00e4ltnis Leeschtung\/Eidelgewiicht vun \u2264 0,2 kW\/kg a wat net m\u00e9i w\u00e9i d&#8217;Hallschent vun der Leeschtung huet dierfen erofgesat ginn<\/li>\n<li>Motorrad 125 ccm<\/li>\n<li>Mofa bis zu 50 ccm<\/li>\n<li>Quad bis zu 50 ccm<\/li>\n<\/ul>\n<p>[\/et_pb_text][\/et_pb_column][\/et_pb_row][\/et_pb_section]<\/p>\n","protected":false},"excerpt":{"rendered":"<p>Kategorie A2 (Motorrad \u2264 35 KW)\u00cbnnerlagen, d\u00e9i fir d&#8217;Umelle gebraucht ginn:Mindestalter 17 1\/2 Joer En Attest vum Dokter: net m\u00e9i al w\u00e9i 3 M\u00e9int 1 Passfoto: en aktuellt Passbild (vu fir opgeholl) am Format 45 x 35mm Fotokopie vun denger Identit\u00e9itskaart \u00cbnnerschr\u00ebft vun denger Demande vun engem Elterendeel + Fotokopie vu senger Identit\u00e9itskaart, falls de [&hellip;]<\/p>\n","protected":false},"author":7,"featured_media":0,"parent":0,"menu_order":0,"comment_status":"closed","ping_status":"closed","template":"","meta":{"_et_pb_use_builder":"on","_et_pb_old_content":"","_et_gb_content_width":"","footnotes":""},"class_list":["post-881","page","type-page","status-publish","hentry"],"yoast_head":"<!-- This site is optimized with the Yoast SEO plugin v27.4 - https:\/\/yoast.com\/product\/yoast-seo-wordpress\/ -->\n<title>Kategorie A2 (Motorrad \u2264 35 KW) - Auto Ecole Tom<\/title>\n<meta name=\"robots\" content=\"index, follow, max-snippet:-1, max-image-preview:large, max-video-preview:-1\" \/>\n<link rel=\"canonical\" href=\"https:\/\/autoecoletom.lu\/lu\/kategorie-a2-motorrad-%e2%89%a4-35-kw\/\" \/>\n<meta property=\"og:locale\" content=\"en_US\" \/>\n<meta property=\"og:type\" content=\"article\" \/>\n<meta property=\"og:title\" content=\"Kategorie A2 (Motorrad \u2264 35 KW) - Auto Ecole Tom\" \/>\n<meta property=\"og:description\" content=\"Kategorie A2 (Motorrad \u2264 35 KW)\u00cbnnerlagen, d\u00e9i fir d&#039;Umelle gebraucht ginn:Mindestalter 17 1\/2 Joer En Attest vum Dokter: net m\u00e9i al w\u00e9i 3 M\u00e9int 1 Passfoto: en aktuellt Passbild (vu fir opgeholl) am Format 45 x 35mm Fotokopie vun denger Identit\u00e9itskaart \u00cbnnerschr\u00ebft vun denger Demande vun engem Elterendeel + Fotokopie vu senger Identit\u00e9itskaart, falls de [&hellip;]\" \/>\n<meta property=\"og:url\" content=\"https:\/\/autoecoletom.lu\/lu\/kategorie-a2-motorrad-%e2%89%a4-35-kw\/\" \/>\n<meta property=\"og:site_name\" content=\"Auto Ecole Tom\" \/>\n<meta property=\"article:modified_time\" content=\"2021-09-13T09:02:04+00:00\" \/>\n<meta name=\"twitter:card\" content=\"summary_large_image\" \/>\n<meta name=\"twitter:label1\" content=\"Est. reading time\" \/>\n\t<meta name=\"twitter:data1\" content=\"5 minutes\" \/>\n<script type=\"application\/ld+json\" class=\"yoast-schema-graph\">{\"@context\":\"https:\\\/\\\/schema.org\",\"@graph\":[{\"@type\":\"WebPage\",\"@id\":\"https:\\\/\\\/autoecoletom.lu\\\/lu\\\/kategorie-a2-motorrad-%e2%89%a4-35-kw\\\/\",\"url\":\"https:\\\/\\\/autoecoletom.lu\\\/lu\\\/kategorie-a2-motorrad-%e2%89%a4-35-kw\\\/\",\"name\":\"Kategorie A2 (Motorrad \u2264 35 KW) - Auto Ecole Tom\",\"isPartOf\":{\"@id\":\"https:\\\/\\\/autoecoletom.lu\\\/lu\\\/#website\"},\"datePublished\":\"2021-09-07T08:42:27+00:00\",\"dateModified\":\"2021-09-13T09:02:04+00:00\",\"breadcrumb\":{\"@id\":\"https:\\\/\\\/autoecoletom.lu\\\/lu\\\/kategorie-a2-motorrad-%e2%89%a4-35-kw\\\/#breadcrumb\"},\"inLanguage\":\"lu-LU\",\"potentialAction\":[{\"@type\":\"ReadAction\",\"target\":[\"https:\\\/\\\/autoecoletom.lu\\\/lu\\\/kategorie-a2-motorrad-%e2%89%a4-35-kw\\\/\"]}]},{\"@type\":\"BreadcrumbList\",\"@id\":\"https:\\\/\\\/autoecoletom.lu\\\/lu\\\/kategorie-a2-motorrad-%e2%89%a4-35-kw\\\/#breadcrumb\",\"itemListElement\":[{\"@type\":\"ListItem\",\"position\":1,\"name\":\"Home\",\"item\":\"https:\\\/\\\/autoecoletom.lu\\\/lu\\\/startsaeit\\\/\"},{\"@type\":\"ListItem\",\"position\":2,\"name\":\"Kategorie A2 (Motorrad \u2264 35 KW)\"}]},{\"@type\":\"WebSite\",\"@id\":\"https:\\\/\\\/autoecoletom.lu\\\/lu\\\/#website\",\"url\":\"https:\\\/\\\/autoecoletom.lu\\\/lu\\\/\",\"name\":\"Auto Ecole Tom\",\"description\":\"\",\"publisher\":{\"@id\":\"https:\\\/\\\/autoecoletom.lu\\\/lu\\\/#organization\"},\"potentialAction\":[{\"@type\":\"SearchAction\",\"target\":{\"@type\":\"EntryPoint\",\"urlTemplate\":\"https:\\\/\\\/autoecoletom.lu\\\/lu\\\/?s={search_term_string}\"},\"query-input\":{\"@type\":\"PropertyValueSpecification\",\"valueRequired\":true,\"valueName\":\"search_term_string\"}}],\"inLanguage\":\"lu-LU\"},{\"@type\":\"Organization\",\"@id\":\"https:\\\/\\\/autoecoletom.lu\\\/lu\\\/#organization\",\"name\":\"Auto Ecole Tom\",\"url\":\"https:\\\/\\\/autoecoletom.lu\\\/lu\\\/\",\"logo\":{\"@type\":\"ImageObject\",\"inLanguage\":\"lu-LU\",\"@id\":\"https:\\\/\\\/autoecoletom.lu\\\/lu\\\/#\\\/schema\\\/logo\\\/image\\\/\",\"url\":\"https:\\\/\\\/autoecoletom.lu\\\/wp-content\\\/uploads\\\/2021\\\/07\\\/logo-large.png\",\"contentUrl\":\"https:\\\/\\\/autoecoletom.lu\\\/wp-content\\\/uploads\\\/2021\\\/07\\\/logo-large.png\",\"width\":1912,\"height\":1008,\"caption\":\"Auto Ecole Tom\"},\"image\":{\"@id\":\"https:\\\/\\\/autoecoletom.lu\\\/lu\\\/#\\\/schema\\\/logo\\\/image\\\/\"}}]}<\/script>\n<!-- \/ Yoast SEO plugin. -->","yoast_head_json":{"title":"Kategorie A2 (Motorrad \u2264 35 KW) - Auto Ecole Tom","robots":{"index":"index","follow":"follow","max-snippet":"max-snippet:-1","max-image-preview":"max-image-preview:large","max-video-preview":"max-video-preview:-1"},"canonical":"https:\/\/autoecoletom.lu\/lu\/kategorie-a2-motorrad-%e2%89%a4-35-kw\/","og_locale":"en_US","og_type":"article","og_title":"Kategorie A2 (Motorrad \u2264 35 KW) - Auto Ecole Tom","og_description":"Kategorie A2 (Motorrad \u2264 35 KW)\u00cbnnerlagen, d\u00e9i fir d'Umelle gebraucht ginn:Mindestalter 17 1\/2 Joer En Attest vum Dokter: net m\u00e9i al w\u00e9i 3 M\u00e9int 1 Passfoto: en aktuellt Passbild (vu fir opgeholl) am Format 45 x 35mm Fotokopie vun denger Identit\u00e9itskaart \u00cbnnerschr\u00ebft vun denger Demande vun engem Elterendeel + Fotokopie vu senger Identit\u00e9itskaart, falls de [&hellip;]","og_url":"https:\/\/autoecoletom.lu\/lu\/kategorie-a2-motorrad-%e2%89%a4-35-kw\/","og_site_name":"Auto Ecole Tom","article_modified_time":"2021-09-13T09:02:04+00:00","twitter_card":"summary_large_image","twitter_misc":{"Est. reading time":"5 minutes"},"schema":{"@context":"https:\/\/schema.org","@graph":[{"@type":"WebPage","@id":"https:\/\/autoecoletom.lu\/lu\/kategorie-a2-motorrad-%e2%89%a4-35-kw\/","url":"https:\/\/autoecoletom.lu\/lu\/kategorie-a2-motorrad-%e2%89%a4-35-kw\/","name":"Kategorie A2 (Motorrad \u2264 35 KW) - Auto Ecole Tom","isPartOf":{"@id":"https:\/\/autoecoletom.lu\/lu\/#website"},"datePublished":"2021-09-07T08:42:27+00:00","dateModified":"2021-09-13T09:02:04+00:00","breadcrumb":{"@id":"https:\/\/autoecoletom.lu\/lu\/kategorie-a2-motorrad-%e2%89%a4-35-kw\/#breadcrumb"},"inLanguage":"lu-LU","potentialAction":[{"@type":"ReadAction","target":["https:\/\/autoecoletom.lu\/lu\/kategorie-a2-motorrad-%e2%89%a4-35-kw\/"]}]},{"@type":"BreadcrumbList","@id":"https:\/\/autoecoletom.lu\/lu\/kategorie-a2-motorrad-%e2%89%a4-35-kw\/#breadcrumb","itemListElement":[{"@type":"ListItem","position":1,"name":"Home","item":"https:\/\/autoecoletom.lu\/lu\/startsaeit\/"},{"@type":"ListItem","position":2,"name":"Kategorie A2 (Motorrad \u2264 35 KW)"}]},{"@type":"WebSite","@id":"https:\/\/autoecoletom.lu\/lu\/#website","url":"https:\/\/autoecoletom.lu\/lu\/","name":"Auto Ecole Tom","description":"","publisher":{"@id":"https:\/\/autoecoletom.lu\/lu\/#organization"},"potentialAction":[{"@type":"SearchAction","target":{"@type":"EntryPoint","urlTemplate":"https:\/\/autoecoletom.lu\/lu\/?s={search_term_string}"},"query-input":{"@type":"PropertyValueSpecification","valueRequired":true,"valueName":"search_term_string"}}],"inLanguage":"lu-LU"},{"@type":"Organization","@id":"https:\/\/autoecoletom.lu\/lu\/#organization","name":"Auto Ecole Tom","url":"https:\/\/autoecoletom.lu\/lu\/","logo":{"@type":"ImageObject","inLanguage":"lu-LU","@id":"https:\/\/autoecoletom.lu\/lu\/#\/schema\/logo\/image\/","url":"https:\/\/autoecoletom.lu\/wp-content\/uploads\/2021\/07\/logo-large.png","contentUrl":"https:\/\/autoecoletom.lu\/wp-content\/uploads\/2021\/07\/logo-large.png","width":1912,"height":1008,"caption":"Auto Ecole Tom"},"image":{"@id":"https:\/\/autoecoletom.lu\/lu\/#\/schema\/logo\/image\/"}}]}},"_links":{"self":[{"href":"https:\/\/autoecoletom.lu\/lu\/wp-json\/wp\/v2\/pages\/881","targetHints":{"allow":["GET"]}}],"collection":[{"href":"https:\/\/autoecoletom.lu\/lu\/wp-json\/wp\/v2\/pages"}],"about":[{"href":"https:\/\/autoecoletom.lu\/lu\/wp-json\/wp\/v2\/types\/page"}],"author":[{"embeddable":true,"href":"https:\/\/autoecoletom.lu\/lu\/wp-json\/wp\/v2\/users\/7"}],"replies":[{"embeddable":true,"href":"https:\/\/autoecoletom.lu\/lu\/wp-json\/wp\/v2\/comments?post=881"}],"version-history":[{"count":41,"href":"https:\/\/autoecoletom.lu\/lu\/wp-json\/wp\/v2\/pages\/881\/revisions"}],"predecessor-version":[{"id":987,"href":"https:\/\/autoecoletom.lu\/lu\/wp-json\/wp\/v2\/pages\/881\/revisions\/987"}],"wp:attachment":[{"href":"https:\/\/autoecoletom.lu\/lu\/wp-json\/wp\/v2\/media?parent=881"}],"curies":[{"name":"wp","href":"https:\/\/api.w.org\/{rel}","templated":true}]}}