{"id":889,"date":"2021-09-07T08:44:29","date_gmt":"2021-09-07T08:44:29","guid":{"rendered":"https:\/\/autoecoletom.lu\/kategorie-b-auto\/"},"modified":"2021-09-07T08:44:47","modified_gmt":"2021-09-07T08:44:47","slug":"kategorie-b-auto","status":"publish","type":"page","link":"https:\/\/autoecoletom.lu\/lu\/kategorie-b-auto\/","title":{"rendered":"Kategorie B (Auto)"},"content":{"rendered":"<p>[et_pb_section fb_built=&#8221;1&#8243; _builder_version=&#8221;4.9.9&#8243; _module_preset=&#8221;default&#8221; background_color=&#8221;#f9f9f9&#8243; custom_padding=&#8221;0px||0px|||&#8221;][et_pb_row _builder_version=&#8221;4.9.9&#8243; _module_preset=&#8221;default&#8221;][et_pb_column type=&#8221;4_4&#8243; _builder_version=&#8221;4.9.9&#8243; _module_preset=&#8221;default&#8221;][et_pb_text _builder_version=&#8221;4.9.9&#8243; _module_preset=&#8221;default&#8221; custom_padding=&#8221;||0px|||&#8221;]<\/p>\n<h2>Kategorie B (Auto)<\/h2>\n<p>[\/et_pb_text][\/et_pb_column][\/et_pb_row][\/et_pb_section][et_pb_section fb_built=&#8221;1&#8243; _builder_version=&#8221;4.9.10&#8243; _module_preset=&#8221;default&#8221; custom_padding=&#8221;0px||0px|||&#8221; hover_enabled=&#8221;0&#8243; background_color=&#8221;#0045bc&#8221; sticky_enabled=&#8221;0&#8243; global_module=&#8221;707&#8243; saved_tabs=&#8221;all&#8221;][et_pb_row _builder_version=&#8221;4.9.10&#8243; _module_preset=&#8221;default&#8221; module_alignment=&#8221;center&#8221; hover_enabled=&#8221;0&#8243; sticky_enabled=&#8221;0&#8243; custom_padding=&#8221;||||false|false&#8221; make_equal=&#8221;on&#8221;][et_pb_column type=&#8221;4_4&#8243; _builder_version=&#8221;4.9.10&#8243; _module_preset=&#8221;default&#8221;][et_pb_blurb title=&#8221;Demande d&#8217;obtention d&#8217;un permis&#8221; use_icon=&#8221;on&#8221; font_icon=&#8221;%%65%%&#8221; icon_color=&#8221;#FFFFFF&#8221; icon_placement=&#8221;left&#8221; use_icon_font_size=&#8221;on&#8221; icon_font_size=&#8221;2.8rem&#8221; module_class=&#8221;custom-blurb&#8221; _builder_version=&#8221;4.9.10&#8243; _module_preset=&#8221;default&#8221; hover_enabled=&#8221;0&#8243; sticky_enabled=&#8221;0&#8243; custom_padding=&#8221;||||false|false&#8221; content_max_width=&#8221;100%&#8221; header_text_color=&#8221;#FFFFFF&#8221; link_option_url=&#8221;\/wp-content\/uploads\/2021\/09\/demande-obtention-permis-fr.pdf&#8221; link_option_url_new_window=&#8221;on&#8221; transform_styles__hover_enabled=&#8221;on|desktop&#8221; transform_scale__hover_enabled=&#8221;on|desktop&#8221; transform_translate__hover_enabled=&#8221;on|desktop&#8221; transform_rotate__hover_enabled=&#8221;on|desktop&#8221; transform_skew__hover_enabled=&#8221;on|desktop&#8221; transform_origin__hover_enabled=&#8221;on|desktop&#8221; transform_scale__hover=&#8221;110%|110%&#8221;][\/et_pb_blurb][\/et_pb_column][\/et_pb_row][\/et_pb_section][et_pb_section fb_built=&#8221;1&#8243; specialty=&#8221;on&#8221; _builder_version=&#8221;4.9.9&#8243; _module_preset=&#8221;default&#8221; border_color_top=&#8221;rgba(0,0,0,0)&#8221; box_shadow_style=&#8221;preset1&#8243; box_shadow_spread=&#8221;-13px&#8221; box_shadow_color=&#8221;rgba(0,0,0,0.28)&#8221;][et_pb_column type=&#8221;1_2&#8243; _builder_version=&#8221;3.25&#8243; custom_padding=&#8221;|||&#8221; custom_padding__hover=&#8221;|||&#8221;][et_pb_image src=&#8221;https:\/\/autoecoletom.lu\/wp-content\/uploads\/2021\/08\/caricon.jpg&#8221; title_text=&#8221;caricon&#8221; _builder_version=&#8221;4.9.10&#8243; _module_preset=&#8221;default&#8221; width=&#8221;80%&#8221; module_alignment=&#8221;right&#8221;][\/et_pb_image][\/et_pb_column][et_pb_column type=&#8221;1_2&#8243; specialty_columns=&#8221;2&#8243; _builder_version=&#8221;3.25&#8243; custom_padding=&#8221;|||&#8221; custom_padding__hover=&#8221;|||&#8221;][et_pb_row_inner _builder_version=&#8221;4.9.9&#8243; _module_preset=&#8221;default&#8221; background_color=&#8221;#FFFFFF&#8221; custom_margin=&#8221;||2rem||false|false&#8221; custom_padding=&#8221;1rem|2rem|1rem|2rem|false|false&#8221; border_radii=&#8221;on|8px|8px|8px|8px&#8221; border_width_all=&#8221;1px&#8221; border_color_all=&#8221;#ed0000&#8243;][et_pb_column_inner saved_specialty_column_type=&#8221;1_2&#8243; _builder_version=&#8221;4.9.9&#8243; _module_preset=&#8221;default&#8221;][et_pb_text _builder_version=&#8221;4.9.9&#8243; _module_preset=&#8221;default&#8221; text_text_color=&#8221;#ed0000&#8243; text_font_size=&#8221;1rem&#8221;]<\/p>\n<p><strong>\u00cbnnerlagen, d\u00e9i fir d&#8217;Umelle gebraucht ginn:<\/strong><\/p>\n<p>[\/et_pb_text][et_pb_divider color=&#8221;rgba(0,0,0,0.08)&#8221; divider_weight=&#8221;1px&#8221; _builder_version=&#8221;4.9.9&#8243; _module_preset=&#8221;default&#8221; custom_margin=&#8221;-15px||1px||false|false&#8221; custom_padding=&#8221;0px||0px||false|false&#8221;][\/et_pb_divider][et_pb_text module_class=&#8221;hourbox&#8221; _builder_version=&#8221;4.9.9&#8243; _module_preset=&#8221;default&#8221; custom_css_main_element=&#8221;background: #ED0000!important;||&#8221;]<\/p>\n<p>Mindestalter 17 1\/2 Joer<\/p>\n<p>[\/et_pb_text][et_pb_text _builder_version=&#8221;4.9.9&#8243; _module_preset=&#8221;default&#8221; custom_margin=&#8221;-9px|||||&#8221;]<\/p>\n<ul>\n<li>En <strong>Attest vum Dokter<\/strong>: net m\u00e9i al w\u00e9i 3 M\u00e9int<\/li>\n<li><strong>1 Passfoto<\/strong>: en aktuellt Passbild (vu fir opgeholl) am Format 45 x 35mm<\/li>\n<li><strong>Fotokopie vun denger Identit\u00e9itskaart<\/strong><\/li>\n<li><strong>\u00cbnnerschr\u00ebft vun denger Demande<\/strong> vun engem Elterendeel + Fotokopie vu senger Identit\u00e9itskaart, falls de nach net groussj\u00e4reg bass<\/li>\n<li><strong>En Extrait aus dem Casier<\/strong> aus dem Land wou s de k\u00ebnns, wann s de manner w\u00e9i 5 Joer zu L\u00ebtzebuerg liefs<\/li>\n<\/ul>\n<p>[\/et_pb_text][\/et_pb_column_inner][\/et_pb_row_inner][et_pb_row_inner _builder_version=&#8221;4.9.9&#8243; _module_preset=&#8221;default&#8221; background_color=&#8221;#FFFFFF&#8221; custom_margin=&#8221;||2rem||false|false&#8221; custom_padding=&#8221;1rem|2rem|1rem|2rem|false|false&#8221; border_radii=&#8221;on|8px|8px|8px|8px&#8221; border_width_all=&#8221;1px&#8221; border_color_all=&#8221;#0056c6&#8243;][et_pb_column_inner saved_specialty_column_type=&#8221;1_2&#8243; _builder_version=&#8221;4.9.9&#8243; _module_preset=&#8221;default&#8221;][et_pb_text _builder_version=&#8221;4.9.9&#8243; _module_preset=&#8221;default&#8221; text_text_color=&#8221;#2c3741&#8243;]<\/p>\n<p><strong>De Minimum un theoretesche Stonnen: <\/strong><\/p>\n<div class=\"hourbox\">12 Stonnen<\/div>\n<p>(6 Stonnen, falls de e F\u00fchrersch\u00e4in vun enger anerer Klass hues)<\/p>\n<p><strong>De Minimum u praktesche Stonnen:<\/strong><\/p>\n<div class=\"hourbox\">16 Stonnen<\/div>\n<p>[\/et_pb_text][\/et_pb_column_inner][\/et_pb_row_inner][\/et_pb_column][\/et_pb_section][et_pb_section fb_built=&#8221;1&#8243; _builder_version=&#8221;4.9.9&#8243; _module_preset=&#8221;default&#8221;][et_pb_row _builder_version=&#8221;4.9.9&#8243; _module_preset=&#8221;default&#8221;][et_pb_column type=&#8221;4_4&#8243; _builder_version=&#8221;4.9.9&#8243; _module_preset=&#8221;default&#8221;][et_pb_text _builder_version=&#8221;4.9.9&#8243; _module_preset=&#8221;default&#8221;]<\/p>\n<p><strong>De F\u00fchrersch\u00e4in vun der Klass B erlaabt et der, mat folgende Gefierer ze<\/strong> <strong>fueren:<\/strong><\/p>\n<ul>\n<li>en Auto mat bis zu 9 S\u00ebtzplazen (mam Chauffeur dob\u00e4igerechent) woub\u00e4i seng Gesamtmass net m\u00e9i h\u00e9ich dierf sinn ew\u00e9i 3500 kg<\/li>\n<li>e Liwwerwon (Camionnette)<\/li>\n<li>en Trakter<\/li>\n<li>e Mofa bis zu 50ccm<\/li>\n<li>e Quad<\/li>\n<li>en Unh\u00e4nger bis zu 750kg maximal zougeloossenem Gesamtgewiicht<\/li>\n<\/ul>\n<p>[\/et_pb_text][\/et_pb_column][\/et_pb_row][\/et_pb_section][et_pb_section fb_built=&#8221;1&#8243; _builder_version=&#8221;4.9.9&#8243; _module_preset=&#8221;default&#8221; background_color=&#8221;#0056c6&#8243; custom_padding=&#8221;0px|||||&#8221;][et_pb_row _builder_version=&#8221;4.9.9&#8243; _module_preset=&#8221;default&#8221;][et_pb_column type=&#8221;4_4&#8243; _builder_version=&#8221;4.9.9&#8243; _module_preset=&#8221;default&#8221;][et_pb_text _builder_version=&#8221;4.9.9&#8243; _module_preset=&#8221;default&#8221; text_text_color=&#8221;#FFFFFF&#8221;]<\/p>\n<p><strong>Den eigentlech F\u00fchrersch\u00e4in:<\/strong><br \/>Soubal d\u00e9i praktesch Pr\u00fcfung gepackt ass, g\u00ebtt e provisoresche F\u00fchrersch\u00e4in fir d&#8217;Stagez\u00e4it vu 24 M\u00e9int ausgestallt.<\/p>\n<p>Fr\u00e9istens 3 M\u00e9int no d\u00ebsem provisoresche F\u00fchrersch\u00e4in muss de Bes\u00ebtzer un engem praktesche Fuertraining deel huelen zu Colmer-Bierg am &#8220;Centre de formation pour conducteurs&#8221;.<\/p>\n<p>No der Stagez\u00e4it an dem Fuertraining am &#8220;Centre de formation pour conducteurs&#8221; g\u00ebtt dann deen definitive F\u00fchrersch\u00e4in ausgestallt.<\/p>\n<p>[\/et_pb_text][\/et_pb_column][\/et_pb_row][\/et_pb_section]<\/p>\n","protected":false},"excerpt":{"rendered":"<p>Kategorie B (Auto)\u00cbnnerlagen, d\u00e9i fir d&#8217;Umelle gebraucht ginn:Mindestalter 17 1\/2 Joer En Attest vum Dokter: net m\u00e9i al w\u00e9i 3 M\u00e9int 1 Passfoto: en aktuellt Passbild (vu fir opgeholl) am Format 45 x 35mm Fotokopie vun denger Identit\u00e9itskaart \u00cbnnerschr\u00ebft vun denger Demande vun engem Elterendeel + Fotokopie vu senger Identit\u00e9itskaart, falls de nach net groussj\u00e4reg [&hellip;]<\/p>\n","protected":false},"author":7,"featured_media":0,"parent":0,"menu_order":0,"comment_status":"closed","ping_status":"closed","template":"","meta":{"_et_pb_use_builder":"on","_et_pb_old_content":"","_et_gb_content_width":"","footnotes":""},"class_list":["post-889","page","type-page","status-publish","hentry"],"yoast_head":"<!-- This site is optimized with the Yoast SEO plugin v27.6 - https:\/\/yoast.com\/product\/yoast-seo-wordpress\/ -->\n<title>Kategorie B (Auto) - Auto Ecole Tom<\/title>\n<meta name=\"robots\" content=\"index, follow, max-snippet:-1, max-image-preview:large, max-video-preview:-1\" \/>\n<link rel=\"canonical\" href=\"https:\/\/autoecoletom.lu\/lu\/kategorie-b-auto\/\" \/>\n<meta property=\"og:locale\" content=\"en_US\" \/>\n<meta property=\"og:type\" content=\"article\" \/>\n<meta property=\"og:title\" content=\"Kategorie B (Auto) - Auto Ecole Tom\" \/>\n<meta property=\"og:description\" content=\"Kategorie B (Auto)\u00cbnnerlagen, d\u00e9i fir d&#039;Umelle gebraucht ginn:Mindestalter 17 1\/2 Joer En Attest vum Dokter: net m\u00e9i al w\u00e9i 3 M\u00e9int 1 Passfoto: en aktuellt Passbild (vu fir opgeholl) am Format 45 x 35mm Fotokopie vun denger Identit\u00e9itskaart \u00cbnnerschr\u00ebft vun denger Demande vun engem Elterendeel + Fotokopie vu senger Identit\u00e9itskaart, falls de nach net groussj\u00e4reg [&hellip;]\" \/>\n<meta property=\"og:url\" content=\"https:\/\/autoecoletom.lu\/lu\/kategorie-b-auto\/\" \/>\n<meta property=\"og:site_name\" content=\"Auto Ecole Tom\" \/>\n<meta property=\"article:modified_time\" content=\"2021-09-07T08:44:47+00:00\" \/>\n<meta name=\"twitter:card\" content=\"summary_large_image\" \/>\n<meta name=\"twitter:label1\" content=\"Est. reading time\" \/>\n\t<meta name=\"twitter:data1\" content=\"4 minutes\" \/>\n<script type=\"application\/ld+json\" class=\"yoast-schema-graph\">{\"@context\":\"https:\\\/\\\/schema.org\",\"@graph\":[{\"@type\":\"WebPage\",\"@id\":\"https:\\\/\\\/autoecoletom.lu\\\/lu\\\/kategorie-b-auto\\\/\",\"url\":\"https:\\\/\\\/autoecoletom.lu\\\/lu\\\/kategorie-b-auto\\\/\",\"name\":\"Kategorie B (Auto) - Auto Ecole Tom\",\"isPartOf\":{\"@id\":\"https:\\\/\\\/autoecoletom.lu\\\/lu\\\/#website\"},\"datePublished\":\"2021-09-07T08:44:29+00:00\",\"dateModified\":\"2021-09-07T08:44:47+00:00\",\"breadcrumb\":{\"@id\":\"https:\\\/\\\/autoecoletom.lu\\\/lu\\\/kategorie-b-auto\\\/#breadcrumb\"},\"inLanguage\":\"lu-LU\",\"potentialAction\":[{\"@type\":\"ReadAction\",\"target\":[\"https:\\\/\\\/autoecoletom.lu\\\/lu\\\/kategorie-b-auto\\\/\"]}]},{\"@type\":\"BreadcrumbList\",\"@id\":\"https:\\\/\\\/autoecoletom.lu\\\/lu\\\/kategorie-b-auto\\\/#breadcrumb\",\"itemListElement\":[{\"@type\":\"ListItem\",\"position\":1,\"name\":\"Home\",\"item\":\"https:\\\/\\\/autoecoletom.lu\\\/lu\\\/startsaeit\\\/\"},{\"@type\":\"ListItem\",\"position\":2,\"name\":\"Kategorie B (Auto)\"}]},{\"@type\":\"WebSite\",\"@id\":\"https:\\\/\\\/autoecoletom.lu\\\/lu\\\/#website\",\"url\":\"https:\\\/\\\/autoecoletom.lu\\\/lu\\\/\",\"name\":\"Auto Ecole Tom\",\"description\":\"\",\"publisher\":{\"@id\":\"https:\\\/\\\/autoecoletom.lu\\\/lu\\\/#organization\"},\"potentialAction\":[{\"@type\":\"SearchAction\",\"target\":{\"@type\":\"EntryPoint\",\"urlTemplate\":\"https:\\\/\\\/autoecoletom.lu\\\/lu\\\/?s={search_term_string}\"},\"query-input\":{\"@type\":\"PropertyValueSpecification\",\"valueRequired\":true,\"valueName\":\"search_term_string\"}}],\"inLanguage\":\"lu-LU\"},{\"@type\":\"Organization\",\"@id\":\"https:\\\/\\\/autoecoletom.lu\\\/lu\\\/#organization\",\"name\":\"Auto Ecole Tom\",\"url\":\"https:\\\/\\\/autoecoletom.lu\\\/lu\\\/\",\"logo\":{\"@type\":\"ImageObject\",\"inLanguage\":\"lu-LU\",\"@id\":\"https:\\\/\\\/autoecoletom.lu\\\/lu\\\/#\\\/schema\\\/logo\\\/image\\\/\",\"url\":\"https:\\\/\\\/autoecoletom.lu\\\/wp-content\\\/uploads\\\/2021\\\/07\\\/logo-large.png\",\"contentUrl\":\"https:\\\/\\\/autoecoletom.lu\\\/wp-content\\\/uploads\\\/2021\\\/07\\\/logo-large.png\",\"width\":1912,\"height\":1008,\"caption\":\"Auto Ecole Tom\"},\"image\":{\"@id\":\"https:\\\/\\\/autoecoletom.lu\\\/lu\\\/#\\\/schema\\\/logo\\\/image\\\/\"}}]}<\/script>\n<!-- \/ Yoast SEO plugin. -->","yoast_head_json":{"title":"Kategorie B (Auto) - Auto Ecole Tom","robots":{"index":"index","follow":"follow","max-snippet":"max-snippet:-1","max-image-preview":"max-image-preview:large","max-video-preview":"max-video-preview:-1"},"canonical":"https:\/\/autoecoletom.lu\/lu\/kategorie-b-auto\/","og_locale":"en_US","og_type":"article","og_title":"Kategorie B (Auto) - Auto Ecole Tom","og_description":"Kategorie B (Auto)\u00cbnnerlagen, d\u00e9i fir d'Umelle gebraucht ginn:Mindestalter 17 1\/2 Joer En Attest vum Dokter: net m\u00e9i al w\u00e9i 3 M\u00e9int 1 Passfoto: en aktuellt Passbild (vu fir opgeholl) am Format 45 x 35mm Fotokopie vun denger Identit\u00e9itskaart \u00cbnnerschr\u00ebft vun denger Demande vun engem Elterendeel + Fotokopie vu senger Identit\u00e9itskaart, falls de nach net groussj\u00e4reg [&hellip;]","og_url":"https:\/\/autoecoletom.lu\/lu\/kategorie-b-auto\/","og_site_name":"Auto Ecole Tom","article_modified_time":"2021-09-07T08:44:47+00:00","twitter_card":"summary_large_image","twitter_misc":{"Est. reading time":"4 minutes"},"schema":{"@context":"https:\/\/schema.org","@graph":[{"@type":"WebPage","@id":"https:\/\/autoecoletom.lu\/lu\/kategorie-b-auto\/","url":"https:\/\/autoecoletom.lu\/lu\/kategorie-b-auto\/","name":"Kategorie B (Auto) - Auto Ecole Tom","isPartOf":{"@id":"https:\/\/autoecoletom.lu\/lu\/#website"},"datePublished":"2021-09-07T08:44:29+00:00","dateModified":"2021-09-07T08:44:47+00:00","breadcrumb":{"@id":"https:\/\/autoecoletom.lu\/lu\/kategorie-b-auto\/#breadcrumb"},"inLanguage":"lu-LU","potentialAction":[{"@type":"ReadAction","target":["https:\/\/autoecoletom.lu\/lu\/kategorie-b-auto\/"]}]},{"@type":"BreadcrumbList","@id":"https:\/\/autoecoletom.lu\/lu\/kategorie-b-auto\/#breadcrumb","itemListElement":[{"@type":"ListItem","position":1,"name":"Home","item":"https:\/\/autoecoletom.lu\/lu\/startsaeit\/"},{"@type":"ListItem","position":2,"name":"Kategorie B (Auto)"}]},{"@type":"WebSite","@id":"https:\/\/autoecoletom.lu\/lu\/#website","url":"https:\/\/autoecoletom.lu\/lu\/","name":"Auto Ecole Tom","description":"","publisher":{"@id":"https:\/\/autoecoletom.lu\/lu\/#organization"},"potentialAction":[{"@type":"SearchAction","target":{"@type":"EntryPoint","urlTemplate":"https:\/\/autoecoletom.lu\/lu\/?s={search_term_string}"},"query-input":{"@type":"PropertyValueSpecification","valueRequired":true,"valueName":"search_term_string"}}],"inLanguage":"lu-LU"},{"@type":"Organization","@id":"https:\/\/autoecoletom.lu\/lu\/#organization","name":"Auto Ecole Tom","url":"https:\/\/autoecoletom.lu\/lu\/","logo":{"@type":"ImageObject","inLanguage":"lu-LU","@id":"https:\/\/autoecoletom.lu\/lu\/#\/schema\/logo\/image\/","url":"https:\/\/autoecoletom.lu\/wp-content\/uploads\/2021\/07\/logo-large.png","contentUrl":"https:\/\/autoecoletom.lu\/wp-content\/uploads\/2021\/07\/logo-large.png","width":1912,"height":1008,"caption":"Auto Ecole Tom"},"image":{"@id":"https:\/\/autoecoletom.lu\/lu\/#\/schema\/logo\/image\/"}}]}},"_links":{"self":[{"href":"https:\/\/autoecoletom.lu\/lu\/wp-json\/wp\/v2\/pages\/889","targetHints":{"allow":["GET"]}}],"collection":[{"href":"https:\/\/autoecoletom.lu\/lu\/wp-json\/wp\/v2\/pages"}],"about":[{"href":"https:\/\/autoecoletom.lu\/lu\/wp-json\/wp\/v2\/types\/page"}],"author":[{"embeddable":true,"href":"https:\/\/autoecoletom.lu\/lu\/wp-json\/wp\/v2\/users\/7"}],"replies":[{"embeddable":true,"href":"https:\/\/autoecoletom.lu\/lu\/wp-json\/wp\/v2\/comments?post=889"}],"version-history":[{"count":5,"href":"https:\/\/autoecoletom.lu\/lu\/wp-json\/wp\/v2\/pages\/889\/revisions"}],"predecessor-version":[{"id":894,"href":"https:\/\/autoecoletom.lu\/lu\/wp-json\/wp\/v2\/pages\/889\/revisions\/894"}],"wp:attachment":[{"href":"https:\/\/autoecoletom.lu\/lu\/wp-json\/wp\/v2\/media?parent=889"}],"curies":[{"name":"wp","href":"https:\/\/api.w.org\/{rel}","templated":true}]}}